{"id":4023,"date":"2018-05-07T19:07:52","date_gmt":"2018-05-08T00:07:52","guid":{"rendered":"https:\/\/carnicos.marhel.com.mx\/carnicos\/"},"modified":"2020-05-18T19:12:49","modified_gmt":"2020-05-19T00:12:49","slug":"del-campo","status":"publish","type":"page","link":"https:\/\/carnicos.marhel.com.mx\/en\/","title":{"rendered":"DEL CAMPO"},"content":{"rendered":"<p>[et_pb_section fb_built=&#8221;1&#8243; disabled_on=&#8221;off|off|off&#8221; _builder_version=&#8221;4.2.1&#8243; background_enable_image=&#8221;off&#8221; parallax=&#8221;on&#8221; parallax_method=&#8221;off&#8221; background_enable_video_mp4=&#8221;off&#8221; custom_padding=&#8221;50px|0px|0px|0px|false|false&#8221;][et_pb_row _builder_version=&#8221;4.2.1&#8243; custom_margin=&#8221;-70px||||false|false&#8221;][et_pb_column type=&#8221;4_4&#8243; _builder_version=&#8221;4.2.1&#8243;][et_pb_gallery gallery_ids=&#8221;4002,4000,4001&#8243; fullwidth=&#8221;on&#8221; _builder_version=&#8221;4.2.1&#8243; pagination_text_color=&#8221;rgba(0,0,0,0)&#8221; background_layout=&#8221;dark&#8221; max_width_tablet=&#8221;&#8221; max_width_phone=&#8221;&#8221; max_width_last_edited=&#8221;on|desktop&#8221; custom_margin=&#8221;|-90px||-90px|false|false&#8221; custom_padding=&#8221;||||false|false&#8221; auto=&#8221;on&#8221; auto_speed=&#8221;4000&#8243;][\/et_pb_gallery][\/et_pb_column][\/et_pb_row][et_pb_row use_custom_gutter=&#8221;on&#8221; gutter_width=&#8221;1&#8243; custom_padding_last_edited=&#8221;on|tablet&#8221; module_class=&#8221; et_pb_row_fullwidth&#8221; _builder_version=&#8221;4.2.1&#8243; background_image=&#8221;https:\/\/carnicos.marhel.com.mx\/wp-content\/uploads\/2019\/12\/Descanso-sopes.jpg&#8221; width=&#8221;100%&#8221; width_tablet=&#8221;100%&#8221; width_phone=&#8221;&#8221; width_last_edited=&#8221;on|desktop&#8221; max_width=&#8221;100%&#8221; max_width_tablet=&#8221;100%&#8221; max_width_phone=&#8221;&#8221; max_width_last_edited=&#8221;on|desktop&#8221; module_alignment=&#8221;center&#8221; custom_margin=&#8221;-160px||||false|false&#8221; custom_margin_tablet=&#8221;|||&#8221; custom_margin_phone=&#8221;-100px||||false|false&#8221; custom_margin_last_edited=&#8221;on|tablet&#8221; custom_padding=&#8221;450px||450px||true|false&#8221; custom_padding_tablet=&#8221;200px||100px|&#8221; custom_padding_phone=&#8221;||||false&#8221; make_fullwidth=&#8221;on&#8221;][et_pb_column type=&#8221;4_4&#8243; _builder_version=&#8221;3.25&#8243; custom_padding=&#8221;|||&#8221; custom_padding__hover=&#8221;|||&#8221;][\/et_pb_column][\/et_pb_row][\/et_pb_section][et_pb_section fb_built=&#8221;1&#8243; custom_padding_last_edited=&#8221;on|phone&#8221; _builder_version=&#8221;3.22&#8243; custom_padding=&#8221;54px|0px|54px|0px|true|false&#8221; custom_padding_tablet=&#8221;&#8221; custom_padding_phone=&#8221;0px|0px|0px|0px&#8221;][et_pb_row _builder_version=&#8221;4.0.9&#8243; background_size=&#8221;initial&#8221; background_position=&#8221;top_left&#8221; background_repeat=&#8221;repeat&#8221;][et_pb_column type=&#8221;4_4&#8243; _builder_version=&#8221;3.25&#8243; custom_padding=&#8221;|||&#8221; custom_padding__hover=&#8221;|||&#8221;][et_pb_text _builder_version=&#8221;4.0.9&#8243; text_text_color=&#8221;#231f20&#8243; text_line_height=&#8221;2.8em&#8221; hover_enabled=&#8221;0&#8243; inline_fonts=&#8221;Gotham Bold,Hickory Jack&#8221;]<\/p>\n<p style=\"text-align: center;\"><span style=\"font-family: 'Gotham Bold'; font-weight: normal; font-size: large;\">Nuestros l\u00ednea de<\/span> <span style=\"font-family: 'Hickory Jack'; font-weight: normal; font-size: 60px; color: #fdb913;\">productos del campo<\/span>\u00a0<span style=\"font-family: 'Gotham Bold'; font-weight: normal; font-size: large;\">esta hecha para que disfrutes<\/span> <span style=\"font-family: 'Hickory Jack'; font-weight: normal; font-size: 60px; color: #fdb913;\">de forma sencilla y natural platillos como hechos en casa, <\/span><span style=\"font-family: 'Gotham Bold'; font-weight: normal; font-size: large;\">est\u00e1n elaborados 100% con carne de cerdo, pollo o res y contienen los mejores ingredientes, un excelente saz\u00f3n y pasan por los par\u00e1metros m\u00e1s altos de calidad para que los disfrutes con la confianza y te sientas consentido como en casa.<\/span><\/p>\n<p>[\/et_pb_text][\/et_pb_column][\/et_pb_row][et_pb_row column_structure=&#8221;1_3,1_3,1_3&#8243; _builder_version=&#8221;4.1&#8243;][et_pb_column type=&#8221;1_3&#8243; _builder_version=&#8221;4.1&#8243;][et_pb_image src=&#8221;https:\/\/carnicos.marhel.com.mx\/wp-content\/uploads\/2020\/01\/Boton-Productos-Carnicos.jpg&#8221; url=&#8221;https:\/\/carnicos.marhel.com.mx\/productos\/&#8221; align=&#8221;center&#8221; _builder_version=&#8221;4.1&#8243;][\/et_pb_image][\/et_pb_column][et_pb_column type=&#8221;1_3&#8243; _builder_version=&#8221;4.1&#8243;][et_pb_image src=&#8221;https:\/\/carnicos.marhel.com.mx\/wp-content\/uploads\/2020\/01\/Boton-Recetas-Carnicos.jpg&#8221; url=&#8221;https:\/\/carnicos.marhel.com.mx\/recetas\/&#8221; align=&#8221;center&#8221; _builder_version=&#8221;4.1&#8243;][\/et_pb_image][\/et_pb_column][et_pb_column type=&#8221;1_3&#8243; _builder_version=&#8221;4.1&#8243;][et_pb_image src=&#8221;https:\/\/carnicos.marhel.com.mx\/wp-content\/uploads\/2020\/01\/Boton-Fichas-Carnicos.jpg&#8221; url=&#8221;https:\/\/carnicos.marhel.com.mx\/fichas-tecnicas\/&#8221; align=&#8221;center&#8221; _builder_version=&#8221;4.1&#8243;][\/et_pb_image][\/et_pb_column][\/et_pb_row][\/et_pb_section][et_pb_section fb_built=&#8221;1&#8243; fullwidth=&#8221;on&#8221; _builder_version=&#8221;4.0.9&#8243; background_color=&#8221;#b1d34a&#8221; custom_padding=&#8221;3px||3px|&#8221;][\/et_pb_section][et_pb_section fb_built=&#8221;1&#8243; fullwidth=&#8221;on&#8221; _builder_version=&#8221;4.0.9&#8243;][et_pb_fullwidth_slider arrows_custom_color=&#8221;rgba(0,0,0,0)&#8221; dot_nav_custom_color=&#8221;rgba(0,0,0,0)&#8221; _builder_version=&#8221;4.2.1&#8243; background_image=&#8221;https:\/\/carnicos.marhel.com.mx\/wp-content\/uploads\/2019\/12\/Papa-e-hijo-chilorio.jpg&#8221; custom_margin_tablet=&#8221;&#8221; custom_margin_phone=&#8221;&#8221; custom_margin_last_edited=&#8221;on|phone&#8221; custom_padding=&#8221;420px||420px||true|false&#8221; custom_padding_tablet=&#8221;&#8221; custom_padding_phone=&#8221;120px|0px|120px|0px|true|false&#8221; custom_padding_last_edited=&#8221;on|phone&#8221; auto=&#8221;on&#8221; auto_speed=&#8221;5000&#8243; auto_ignore_hover=&#8221;on&#8221;][et_pb_slide admin_title=&#8221;Hechos para consentir&#8221; _builder_version=&#8221;4.0.9&#8243; background_image=&#8221;https:\/\/carnicos.marhel.com.mx\/wp-content\/uploads\/2019\/12\/Cochinita-pibil-nina.jpg&#8221; background_enable_image=&#8221;on&#8221; custom_padding_tablet=&#8221;&#8221; custom_padding_phone=&#8221;&#8221; custom_padding_last_edited=&#8221;on|phone&#8221;][\/et_pb_slide][et_pb_slide admin_title=&#8221;Hechos en casa&#8221; _builder_version=&#8221;4.0.9&#8243; background_image=&#8221;https:\/\/carnicos.marhel.com.mx\/wp-content\/uploads\/2019\/12\/Papa-e-hijo-chilorio.jpg&#8221; background_enable_image=&#8221;on&#8221;][\/et_pb_slide][et_pb_slide admin_title=&#8221;Sabor cero&#8221; _builder_version=&#8221;4.2.1&#8243; background_image=&#8221;https:\/\/carnicos.marhel.com.mx\/wp-content\/uploads\/2020\/01\/Carne-de-Cerdo-Deshebrada-Marhel-1.jpg&#8221; background_enable_image=&#8221;on&#8221;][\/et_pb_slide][et_pb_slide admin_title=&#8221;Practico y saludable&#8221; _builder_version=&#8221;4.0.9&#8243; background_image=&#8221;https:\/\/carnicos.marhel.com.mx\/wp-content\/uploads\/2019\/12\/Pareja-burritos-pollo.jpg&#8221; background_enable_image=&#8221;on&#8221;][\/et_pb_slide][et_pb_slide admin_title=&#8221;Disfrutalos&#8221; _builder_version=&#8221;4.0.9&#8243; background_image=&#8221;https:\/\/carnicos.marhel.com.mx\/wp-content\/uploads\/2019\/12\/Amigos-tostadas-res.jpg&#8221; background_enable_image=&#8221;on&#8221;][\/et_pb_slide][\/et_pb_fullwidth_slider][\/et_pb_section][et_pb_section fb_built=&#8221;1&#8243; fullwidth=&#8221;on&#8221; _builder_version=&#8221;4.1&#8243; background_color=&#8221;#b1d34a&#8221; custom_padding=&#8221;3px||3px|&#8221;][\/et_pb_section][et_pb_section fb_built=&#8221;1&#8243; _builder_version=&#8221;4.0.9&#8243; background_color=&#8221;#402615&#8243; custom_margin=&#8221;|||&#8221; custom_padding=&#8221;0px||0px|&#8221; global_module=&#8221;3637&#8243; saved_tabs=&#8221;all&#8221;][et_pb_row _builder_version=&#8221;3.25&#8243; background_size=&#8221;initial&#8221; background_position=&#8221;top_left&#8221; background_repeat=&#8221;repeat&#8221; custom_margin=&#8221;|||&#8221; custom_padding=&#8221;|||&#8221;][et_pb_column type=&#8221;4_4&#8243; _builder_version=&#8221;3.25&#8243; custom_padding=&#8221;|||&#8221; custom_padding__hover=&#8221;|||&#8221;][et_pb_image src=&#8221;https:\/\/carnicos.marhel.com.mx\/wp-content\/uploads\/2019\/12\/Logo-Marhel-Carnicos.png&#8221; url=&#8221;https:\/\/marhel.com.mx\/&#8221; align=&#8221;center&#8221; align_tablet=&#8221;center&#8221; align_phone=&#8221;&#8221; align_last_edited=&#8221;on|desktop&#8221; _builder_version=&#8221;4.3.2&#8243; width=&#8221;25%&#8221; max_width=&#8221;70%&#8221; max_width_tablet=&#8221;50%&#8221; max_width_phone=&#8221;50%&#8221; max_width_last_edited=&#8221;on|tablet&#8221;] \u00a0 [\/et_pb_image][et_pb_text _builder_version=&#8221;4.1&#8243; text_font=&#8221;Gotham Medium||||||||&#8221; header_font=&#8221;||||||||&#8221; text_orientation=&#8221;center&#8221; background_layout=&#8221;dark&#8221; custom_margin=&#8221;20px|||&#8221;]<\/p>\n<p>\u00a9 Copyright Marhel Group 2020<\/p>\n<p>[\/et_pb_text][\/et_pb_column][\/et_pb_row][\/et_pb_section]<\/p>\n","protected":false},"excerpt":{"rendered":"<p>[et_pb_section fb_built=&#8221;1&#8243; disabled_on=&#8221;off|off|off&#8221; _builder_version=&#8221;4.2.1&#8243; background_enable_image=&#8221;off&#8221; parallax=&#8221;on&#8221; parallax_method=&#8221;off&#8221; background_enable_video_mp4=&#8221;off&#8221; custom_padding=&#8221;50px|0px|0px|0px|false|false&#8221;][et_pb_row _builder_version=&#8221;4.2.1&#8243; custom_margin=&#8221;-70px||||false|false&#8221;][et_pb_column type=&#8221;4_4&#8243; _builder_version=&#8221;4.2.1&#8243;][et_pb_gallery gallery_ids=&#8221;4002,4000,4001&#8243; fullwidth=&#8221;on&#8221; _builder_version=&#8221;4.2.1&#8243; pagination_text_color=&#8221;rgba(0,0,0,0)&#8221; background_layout=&#8221;dark&#8221; max_width_tablet=&#8221;&#8221; max_width_phone=&#8221;&#8221; max_width_last_edited=&#8221;on|desktop&#8221; custom_margin=&#8221;|-90px||-90px|false|false&#8221; custom_padding=&#8221;||||false|false&#8221; auto=&#8221;on&#8221; auto_speed=&#8221;4000&#8243;][\/et_pb_gallery][\/et_pb_column][\/et_pb_row][et_pb_row use_custom_gutter=&#8221;on&#8221; gutter_width=&#8221;1&#8243; custom_padding_last_edited=&#8221;on|tablet&#8221; module_class=&#8221; et_pb_row_fullwidth&#8221; _builder_version=&#8221;4.2.1&#8243; background_image=&#8221;https:\/\/carnicos.marhel.com.mx\/wp-content\/uploads\/2019\/12\/Descanso-sopes.jpg&#8221; width=&#8221;100%&#8221; width_tablet=&#8221;100%&#8221; width_phone=&#8221;&#8221; width_last_edited=&#8221;on|desktop&#8221; max_width=&#8221;100%&#8221; max_width_tablet=&#8221;100%&#8221; max_width_phone=&#8221;&#8221; max_width_last_edited=&#8221;on|desktop&#8221; module_alignment=&#8221;center&#8221; custom_margin=&#8221;-160px||||false|false&#8221; custom_margin_tablet=&#8221;|||&#8221; custom_margin_phone=&#8221;-100px||||false|false&#8221; custom_margin_last_edited=&#8221;on|tablet&#8221; custom_padding=&#8221;450px||450px||true|false&#8221; custom_padding_tablet=&#8221;200px||100px|&#8221; custom_padding_phone=&#8221;||||false&#8221; make_fullwidth=&#8221;on&#8221;][et_pb_column type=&#8221;4_4&#8243; _builder_version=&#8221;3.25&#8243; custom_padding=&#8221;|||&#8221; custom_padding__hover=&#8221;|||&#8221;][\/et_pb_column][\/et_pb_row][\/et_pb_section][et_pb_section fb_built=&#8221;1&#8243; custom_padding_last_edited=&#8221;on|phone&#8221; [&hellip;]<\/p>\n","protected":false},"author":1,"featured_media":0,"parent":0,"menu_order":0,"comment_status":"closed","ping_status":"closed","template":"","meta":{"_et_pb_use_builder":"on","_et_pb_old_content":"<p>This is an example page. It's different from a blog post because it will stay in one place and will show up in your site navigation (in most themes). Most people start with an About page that introduces them to potential site visitors. It might say something like this:<\/p><blockquote><p>Hi there! I'm a bike messenger by day, aspiring actor by night, and this is my website. I live in Los Angeles, have a great dog named Jack, and I like pi\u00f1a coladas. (And gettin' caught in the rain.)<\/p><\/blockquote><p>...or something like this:<\/p><blockquote><p>The XYZ Doohickey Company was founded in 1971, and has been providing quality doohickeys to the public ever since. Located in Gotham City, XYZ employs over 2,000 people and does all kinds of awesome things for the Gotham community.<\/p><\/blockquote><p>As a new WordPress user, you should go to <a href=\"https:\/\/carnicos.marhel.com.mx\/wp-admin\/\">your dashboard<\/a> to delete this page and create new pages for your content. Have fun!<\/p>","_et_gb_content_width":""},"_links":{"self":[{"href":"https:\/\/carnicos.marhel.com.mx\/en\/wp-json\/wp\/v2\/pages\/4023"}],"collection":[{"href":"https:\/\/carnicos.marhel.com.mx\/en\/wp-json\/wp\/v2\/pages"}],"about":[{"href":"https:\/\/carnicos.marhel.com.mx\/en\/wp-json\/wp\/v2\/types\/page"}],"author":[{"embeddable":true,"href":"https:\/\/carnicos.marhel.com.mx\/en\/wp-json\/wp\/v2\/users\/1"}],"replies":[{"embeddable":true,"href":"https:\/\/carnicos.marhel.com.mx\/en\/wp-json\/wp\/v2\/comments?post=4023"}],"version-history":[{"count":10,"href":"https:\/\/carnicos.marhel.com.mx\/en\/wp-json\/wp\/v2\/pages\/4023\/revisions"}],"predecessor-version":[{"id":4199,"href":"https:\/\/carnicos.marhel.com.mx\/en\/wp-json\/wp\/v2\/pages\/4023\/revisions\/4199"}],"wp:attachment":[{"href":"https:\/\/carnicos.marhel.com.mx\/en\/wp-json\/wp\/v2\/media?parent=4023"}],"curies":[{"name":"wp","href":"https:\/\/api.w.org\/{rel}","templated":true}]}}